{"id":731,"date":"2022-10-29T08:05:06","date_gmt":"2022-10-29T07:05:06","guid":{"rendered":"https:\/\/www.rieussec.fr\/?page_id=731"},"modified":"2023-01-18T15:42:35","modified_gmt":"2023-01-18T14:42:35","slug":"urbanisme","status":"publish","type":"page","link":"https:\/\/www.rieussec.fr\/?page_id=731","title":{"rendered":"Urbanisme"},"content":{"rendered":"\n<figure class=\"wp-block-image size-full is-resized\"><a href=\"https:\/\/www.rieussec.fr\/wp-content\/uploads\/2023\/01\/logo-permis-de-construire.jpg\"><img loading=\"lazy\" decoding=\"async\" src=\"https:\/\/www.rieussec.fr\/wp-content\/uploads\/2023\/01\/logo-permis-de-construire.jpg\" alt=\"\" class=\"wp-image-830\" width=\"523\" height=\"392\" srcset=\"https:\/\/www.rieussec.fr\/wp-content\/uploads\/2023\/01\/logo-permis-de-construire.jpg 640w, https:\/\/www.rieussec.fr\/wp-content\/uploads\/2023\/01\/logo-permis-de-construire-300x225.jpg 300w\" sizes=\"auto, (max-width: 523px) 100vw, 523px\" \/><\/a><\/figure>\n\n\n<h2>Autorisation d&rsquo;urbanisme<\/h2>\n<p>La d\u00e9livrance d&rsquo;une autorisation d&rsquo;urbanisme permet \u00e0 la commune de v\u00e9rifier que les travaux sont conformes aux r\u00e8gles d&rsquo;urbanisme. En fonction du type de projet et du lieu, il faut d\u00e9poser une demande de permis (permis de construire, d&rsquo;am\u00e9nager&#8230;) ou une d\u00e9claration pr\u00e9alable de travaux. Avant de commencer les travaux, il est recommand\u00e9 de demander un certificat d&rsquo;urbanisme pour obtenir des informations sur le terrain faisant l&rsquo;objet de travaux.<\/p>\n\n\n<div class=\"wp-block-buttons is-layout-flex wp-block-buttons-is-layout-flex\">\n<div class=\"wp-block-button\"><a class=\"wp-block-button__link wp-element-button\" href=\"https:\/\/www.service-public.fr\/particuliers\/vosdroits\/N319\">En savoir plus<\/a><\/div>\n<\/div>\n\n\n\n\n\n<h2>Comment faire ?<\/h2>\n<ul>\n<li>Vous pouvez t\u00e9l\u00e9charger les <a href=\"https:\/\/www.service-public.fr\/particuliers\/vosdroits\/N319\">documents n\u00e9cessaires<\/a> ou acc\u00e9der \u00e0 la <a href=\"https:\/\/www.service-public.fr\/particuliers\/vosdroits\/R52221\">d\u00e9marche en ligne<\/a>.<\/li>\n<li>Une fois le dossier compl\u00e9t\u00e9, vous pouvez :\n<ul>\n<li>l&rsquo;envoyer par mail \u00e0 l&rsquo;adresse : <a href=\"mailto:urbanisme@rieussec.fr\">urbanisme@rieussec.fr<\/a><\/li>\n<li>ou le d\u00e9poser en mairie (<a href=\"https:\/\/www.rieussec.fr\/?page_id=8\">horaires d&rsquo;ouverture<\/a>)<\/li>\n<\/ul>\n<\/li>\n<li>Suivre l&rsquo;avancement de votre demande par mail ou en mairie.<\/li>\n<\/ul>\n<p>\u00a0<\/p>\n","protected":false},"excerpt":{"rendered":"<p>Autorisation d&rsquo;urbanisme La d\u00e9livrance d&rsquo;une autorisation d&rsquo;urbanisme permet \u00e0 la commune de v\u00e9rifier que les travaux sont conformes aux r\u00e8gles d&rsquo;urbanisme. En fonction du type de projet et du lieu, il faut d\u00e9poser une demande de permis (permis de construire, d&rsquo;am\u00e9nager&#8230;) ou une d\u00e9claration pr\u00e9alable de travaux. Avant de commencer les travaux, il est recommand\u00e9 [&hellip;]<\/p>\n","protected":false},"author":1,"featured_media":0,"parent":0,"menu_order":0,"comment_status":"closed","ping_status":"closed","template":"","meta":{"footnotes":""},"class_list":["post-731","page","type-page","status-publish","hentry","post"],"_links":{"self":[{"href":"https:\/\/www.rieussec.fr\/index.php?rest_route=\/wp\/v2\/pages\/731","targetHints":{"allow":["GET"]}}],"collection":[{"href":"https:\/\/www.rieussec.fr\/index.php?rest_route=\/wp\/v2\/pages"}],"about":[{"href":"https:\/\/www.rieussec.fr\/index.php?rest_route=\/wp\/v2\/types\/page"}],"author":[{"embeddable":true,"href":"https:\/\/www.rieussec.fr\/index.php?rest_route=\/wp\/v2\/users\/1"}],"replies":[{"embeddable":true,"href":"https:\/\/www.rieussec.fr\/index.php?rest_route=%2Fwp%2Fv2%2Fcomments&post=731"}],"version-history":[{"count":6,"href":"https:\/\/www.rieussec.fr\/index.php?rest_route=\/wp\/v2\/pages\/731\/revisions"}],"predecessor-version":[{"id":839,"href":"https:\/\/www.rieussec.fr\/index.php?rest_route=\/wp\/v2\/pages\/731\/revisions\/839"}],"wp:attachment":[{"href":"https:\/\/www.rieussec.fr\/index.php?rest_route=%2Fwp%2Fv2%2Fmedia&parent=731"}],"curies":[{"name":"wp","href":"https:\/\/api.w.org\/{rel}","templated":true}]}}