{"id":485,"date":"2018-10-27T08:45:14","date_gmt":"2018-10-27T07:45:14","guid":{"rendered":"https:\/\/rieussec.fr\/?page_id=485"},"modified":"2018-10-27T09:28:05","modified_gmt":"2018-10-27T08:28:05","slug":"maires-de-rieussec","status":"publish","type":"page","link":"https:\/\/www.rieussec.fr\/?page_id=485","title":{"rendered":"Maires de Rieussec"},"content":{"rendered":"<ul style=\"list-style-type: disc;\">\n<li>An 5 \u00e0 An 6 : AZEMA<\/li>\n<li>An 6 \u00e0 An 7 : FRAISSE Joseph<\/li>\n<li>An 7 \u00e0 An 12 : FRAISSE Jean<\/li>\n<li>An 12 \u00e0 1815 : CABART Jean<\/li>\n<li>1815 \u00e0 1832 : FRAISSE Joseph<\/li>\n<li>1832 \u00e0 1840 : MOULY Just<\/li>\n<li>1840 \u00e0 1843 : GUIBERT<\/li>\n<li>1843 \u00e0 1848 : CABART Fran\u00e7ois<\/li>\n<li>1848 \u00e0 1849 : PISTRE Pierre<\/li>\n<li>1849 \u00e0 1850 : CABBART Pierre<\/li>\n<li>1850 \u00e0 1851 : GUIRAUD Marie Nicolas<\/li>\n<li>1851 \u00e0 1852 : PISTRE Pierre<\/li>\n<li>1852 \u00e0 1853 : CALMEL Philippe<\/li>\n<li>1853 \u00e0 1855 : BOUDET Fr\u00e9d\u00e9ric<\/li>\n<li>1855 \u00e0 1858 : CULLIER Th\u00e9odore<\/li>\n<li>1858 \u00e0 1865 : FRANCES Fran\u00e7ois<\/li>\n<li>1865 \u00e0 1876 : CABART Fran\u00e7ois<br \/>\n1876 \u00e0 1876 : FRAISSE S\u00e9raphin fils<\/li>\n<li>1876 \u00e0 1888 : FABRE Jean<\/li>\n<li>1888 \u00e0 1898 : BRU Edmond<\/li>\n<li>1898 \u00e0 1900 : FRANCES Pierre<\/li>\n<li>1900 \u00e0 1906 : THAILLADES Jean<\/li>\n<li>1906 \u00e0 1912 : ROUSSEL S\u00e9verin<\/li>\n<li>1912 \u00e0 1914 : FRANCES Charles<\/li>\n<li>1914 \u00e0 1919 : ROUSSEL Alphonse<\/li>\n<li>1919 \u00e0 1925 : ROUSSEL Laurent<\/li>\n<li>1925 \u00e0 1931 : GIBERNES Emile<\/li>\n<li>1931 \u00e0 1944 : ROUSSEL Antonin<\/li>\n<li>1944 \u00e0 1945 : Comit\u00e9 de lib\u00e9ration sept 1944 \u00e0 mai 1945 JAMBON Yves<\/li>\n<li>1945 \u00e0 1946 : ROUSSEL Laurent<\/li>\n<li>1946 \u00e0 1950 : BRU Arthur<\/li>\n<li>1950 \u00e0 1965 : ROUSSEL Antonin<\/li>\n<li>1965 \u00e0 1995 : PERRIN Daniel<\/li>\n<li>1995 \u00e0 2006 : BARREAU Andr\u00e9<\/li>\n<li>2007 \u00e0\u00a0 \u00a0 \u00a0 \u00a0 \u00a0 \u00a0: MOULY Alain<\/li>\n<\/ul>\n","protected":false},"excerpt":{"rendered":"<p>An 5 \u00e0 An 6 : AZEMA An 6 \u00e0 An 7 : FRAISSE Joseph An 7 \u00e0 An 12 : FRAISSE Jean An 12 \u00e0 1815 : CABART Jean 1815 \u00e0 1832 : FRAISSE Joseph 1832 \u00e0 1840 : MOULY Just 1840 \u00e0 1843 : GUIBERT 1843 \u00e0 1848 : CABART Fran\u00e7ois 1848 \u00e0 [&hellip;]<\/p>\n","protected":false},"author":1,"featured_media":0,"parent":476,"menu_order":0,"comment_status":"closed","ping_status":"closed","template":"","meta":{"footnotes":""},"class_list":["post-485","page","type-page","status-publish","hentry","post"],"_links":{"self":[{"href":"https:\/\/www.rieussec.fr\/index.php?rest_route=\/wp\/v2\/pages\/485","targetHints":{"allow":["GET"]}}],"collection":[{"href":"https:\/\/www.rieussec.fr\/index.php?rest_route=\/wp\/v2\/pages"}],"about":[{"href":"https:\/\/www.rieussec.fr\/index.php?rest_route=\/wp\/v2\/types\/page"}],"author":[{"embeddable":true,"href":"https:\/\/www.rieussec.fr\/index.php?rest_route=\/wp\/v2\/users\/1"}],"replies":[{"embeddable":true,"href":"https:\/\/www.rieussec.fr\/index.php?rest_route=%2Fwp%2Fv2%2Fcomments&post=485"}],"version-history":[{"count":1,"href":"https:\/\/www.rieussec.fr\/index.php?rest_route=\/wp\/v2\/pages\/485\/revisions"}],"predecessor-version":[{"id":486,"href":"https:\/\/www.rieussec.fr\/index.php?rest_route=\/wp\/v2\/pages\/485\/revisions\/486"}],"up":[{"embeddable":true,"href":"https:\/\/www.rieussec.fr\/index.php?rest_route=\/wp\/v2\/pages\/476"}],"wp:attachment":[{"href":"https:\/\/www.rieussec.fr\/index.php?rest_route=%2Fwp%2Fv2%2Fmedia&parent=485"}],"curies":[{"name":"wp","href":"https:\/\/api.w.org\/{rel}","templated":true}]}}