{"id":478,"date":"2018-09-30T18:08:08","date_gmt":"2018-09-30T17:08:08","guid":{"rendered":"https:\/\/rieussec.fr\/?page_id=478"},"modified":"2023-01-12T19:53:38","modified_gmt":"2023-01-12T18:53:38","slug":"cahier-de-doleances","status":"publish","type":"page","link":"https:\/\/www.rieussec.fr\/?page_id=478","title":{"rendered":"Cahier de dol\u00e9ances"},"content":{"rendered":"<h2><strong>Cahier de dol\u00e9ances de Rieussec en 1789<\/strong><\/h2>\n<blockquote><p>Le cahier de dol\u00e9ances de la communaut\u00e9 de Rieussec, r\u00e9dig\u00e9 lors de la pr\u00e9paration des Etats-G\u00e9n\u00e9raux de 1789 a \u00e9t\u00e9 \u00e9crit le 13 mars 1789, en vue des \u00e9lections des d\u00e9put\u00e9s de la s\u00e9n\u00e9chauss\u00e9e de Carcassonne. C&rsquo;est un des <strong>rares cahiers<\/strong> du dioc\u00e8se de Saint-Pons qui ait \u00e9t\u00e9 conserv\u00e9. Il fait \u00e9tat de <strong>revendications politiques tr\u00e8s g\u00e9n\u00e9rales<\/strong>, qui d\u00e9passent largement le cadre de cette petite communaut\u00e9 villageoise.<\/p><\/blockquote>\n<p><strong>Cahier de dol\u00e9ances, plaintes et remontrances de la Communaut\u00e9 de Rieussec Minervois,<\/strong><br \/>\ndioc\u00e8se de St-Pons-de-Thomieres, s\u00e9n\u00e9chauss\u00e9e de Carcassonne, dress\u00e9 dans l&rsquo;assembl\u00e9e g\u00e9n\u00e9rale de lad. Communaut\u00e9 tenue ce jourd&rsquo;hui, treizi\u00e8me mars mil sept cent quatre vingt neuf, et convoqu\u00e9e au son de la cloche pour la nomination des d\u00e9put\u00e9s \u00e0 l&rsquo;Assembl\u00e9e g\u00e9n\u00e9rale de lad. S\u00e9n\u00e9chauss\u00e9e de Carcassonne, en cons\u00e9quence des ordres de Sa Majest\u00e9 qui ont \u00e9t\u00e9 adress\u00e9s \u00e0 la dite communaut\u00e9 par Monsieur le Lieutenant g\u00e9n\u00e9ral de Lad. S\u00e9n\u00e9chauss\u00e9e.<\/p>\n<ol>\n<li>L&rsquo;assembl\u00e9e g\u00e9n\u00e9rale a unanimement d\u00e9lib\u00e9r\u00e9 de supplier Sa Majest\u00e9 de<strong> vouloir faire une r\u00e9forme dans l&rsquo;administration de la justice<\/strong>, de prendre des moyens sages et \u00e9quitables pour qu&rsquo;elle soit plus exp\u00e9ditive (sic), moins co\u00fbteuse et moins on\u00e9reuse \u00e0 ses sujets, et pour cet effet de vouloir \u00e9tablir un pr\u00e9sidial dans chaque ville \u00e9piscopale de son royaume.<\/li>\n<li>D&rsquo;assurer <strong>la libert\u00e9 de tous les individus du royaume par l&rsquo;abolition de l&rsquo;audace du pouvoir arbitraire<\/strong>.<\/li>\n<li>D&rsquo;accorder la diminution des impositions territoriales, soit par une meilleure r\u00e9partition, soit par la soustraction de certaines d\u00e9penses qui frappent seulement sur le Tiers-Etat, comme par exemple la confection des travaux publics, les gages des officiers dont les fonctions int\u00e9ressent g\u00e9n\u00e9ralement tous les individus et qui ne sont pay\u00e9s et acquitt\u00e9s que par les seuls taillables, et enfin toutes les d\u00e9penses qui par leur nature doivent \u00eatre \u00e0 la charge de tous les sujets.<\/li>\n<li>Que les semences g\u00e9n\u00e9ralement quelconques soient rendues et d\u00e9clar\u00e9es exemptes de d\u00eeme et tasques, droits on\u00e9reux et injustes. Attendu que les d\u00e9cimateurs et les fruits prenants et les seigneurs n&rsquo;ont droit de dixme et de tasque que sur les fruits, que la semence n&rsquo;\u00e9tant pas un fruit, mais un fond attach\u00e9 \u00e0 la terre duquel elle ne peut \u00eatre s\u00e9par\u00e9e, ils n&rsquo;ont aucun droit pour cela.<\/li>\n<li>Que <strong>la d\u00eeme soit rendue \u00e9gale et uniforme dans tout le royaume<\/strong>.<\/li>\n<li>Que la d\u00eeme des agneaux et des fourrages soit abolie, et qu&rsquo;il ne soit pas remis au d\u00e9cimateur de prendre que le seul droit de d\u00eeme de la laine.<\/li>\n<li><strong>Que tous les privil\u00e8ges p\u00e9cuniaires des deux premiers ordres soient enti\u00e8rement abolis<\/strong>, que tous les imp\u00f4ts g\u00e9n\u00e9ralement quelconques soient r\u00e9partis \u00e9galement sur tous les sujets du royaume, que les biens nobles soient encadastr\u00e9s et que les personnes privil\u00e9gi\u00e9es soient additionn\u00e9es au r\u00f4le de la capitation et qu&rsquo;on ne puisse \u00e0 l&rsquo;avenir \u00e9tablir aucun imp\u00f4t sans le consentement de la nation.<\/li>\n<li>Que <strong>la milice soit abolie<\/strong>, comme un imp\u00f4t vexatoire qui frappe seulement sur le Tiers-Etat, vu qu&rsquo;on peut se passer de ces troupes qui sont d&rsquo;ailleurs toujours tr\u00e8s mauvaises par la forme des enr\u00f4lements volontaires.<\/li>\n<li>Que <strong>tout casuel soit aboli et supprim\u00e9<\/strong>, et qu&rsquo;il plaise \u00e0 Sa Majest\u00e9 de pourvoir tous les pasteurs d&rsquo;un revenu honn\u00eate et suffisant des biens de l&rsquo;Eglise.<\/li>\n<li>Que <strong>la gabelle soit totalement supprim\u00e9e<\/strong>, comme denr\u00e9e de premi\u00e8re n\u00e9cessit\u00e9 et comme un imp\u00f4t d\u00e9sastreux et qu&rsquo;\u00e0 cet effet le sel soit rendu marchand.<\/li>\n<li>Qu&rsquo;il soit <strong>d\u00e9fendu sous de fortes peines d&rsquo;accaparer les bleds<\/strong> et qu&rsquo;il plaise \u00e0 Sa Majest\u00e9 de d\u00e9fendre l&rsquo;exportation de cette denr\u00e9e dans l&rsquo;\u00e9tranger avant qu&rsquo;on ait connu le vrai produit de la r\u00e9colte pendante, sans aucun \u00e9gard pour les bleds vieux, qui pourraient exister \u00e0 cette \u00e9poque.<\/li>\n<li>Que les d\u00e9cimateurs ou fruits prenants soient \u00e0 l&rsquo;avenir charg\u00e9 en seuls de la construction et entretien des \u00e9glises et presbyt\u00e8res.<\/li>\n<li>Qu&rsquo;il plaise \u00e0 Sa Majest\u00e9 d&rsquo;accorder \u00e0 cette province une nouvelle forme de Constitution pour les Etats de la province, par laquelle les trois ordres soient librement repr\u00e9sent\u00e9s et dans une juste proportion, et une nouvelle organisation pour les assembl\u00e9es dioc\u00e9saines qui seront compos\u00e9es des plus fort contribuables.<\/li>\n<li>Qu&rsquo;il soit fait un <strong>tarif g\u00e9n\u00e9ral et uniforme pour tous droits du fisc<\/strong>.<\/li>\n<li>Que l&rsquo;\u00e9lection des officiers municipaux soit rendue \u00e0 toutes les villes et bourgs, attendu qu&rsquo;elles leurs appartient de droit naturel, surtout dans la province du Languedoc, contre lequel l&rsquo;usurpation des seigneurs ne peut faire un titre.<\/li>\n<li>Enfin, qu&rsquo;il soit fait une v\u00e9rification du territoire de cette communaut\u00e9 et du dioc\u00e8se qui supporte le double des charges par une erreur intervenue lors du compoix g\u00e9n\u00e9ral, ce qui a \u00e9t\u00e9 d\u00e9montr\u00e9 visiblement aux Etats de la province. Et que Sa Majest\u00e9 veuille bien accorder \u00e0 cette communaut\u00e9, ainsi que de tout temps elle en a joui, la libert\u00e9 de d\u00e9paissance et du chauffage dans les autres for\u00eats de la pr\u00e9sente communaut\u00e9 et de V\u00e9lieux.<\/li>\n<\/ol>\n<p><strong>Signatures:<\/strong> P Tourni\u00e9, premier consul, Tourni\u00e9, P. Vidal, G Franc\u00e8s, Fran\u00e7ois Cabart, By Guilbert, Cabart, Calmetes, Cairol, Paul\u00e9, J. Fra\u00efsse, Jean Fraysse, Fabre, Pierre Cros, Cabart, Malric, Joseph Fraisse, Cebe<\/p>\n<p style=\"text-align: right;\"><i>\u00c9tabli<\/i><em>\u00a0par Christian Roussel<\/em><\/p>\n","protected":false},"excerpt":{"rendered":"<p>Cahier de dol\u00e9ances de Rieussec en 1789 Le cahier de dol\u00e9ances de la communaut\u00e9 de Rieussec, r\u00e9dig\u00e9 lors de la pr\u00e9paration des Etats-G\u00e9n\u00e9raux de 1789 a \u00e9t\u00e9 \u00e9crit le 13 mars 1789, en vue des \u00e9lections des d\u00e9put\u00e9s de la s\u00e9n\u00e9chauss\u00e9e de Carcassonne. C&rsquo;est un des rares cahiers du dioc\u00e8se de Saint-Pons qui ait \u00e9t\u00e9 [&hellip;]<\/p>\n","protected":false},"author":1,"featured_media":0,"parent":476,"menu_order":0,"comment_status":"closed","ping_status":"closed","template":"","meta":{"footnotes":""},"class_list":["post-478","page","type-page","status-publish","hentry","post"],"_links":{"self":[{"href":"https:\/\/www.rieussec.fr\/index.php?rest_route=\/wp\/v2\/pages\/478","targetHints":{"allow":["GET"]}}],"collection":[{"href":"https:\/\/www.rieussec.fr\/index.php?rest_route=\/wp\/v2\/pages"}],"about":[{"href":"https:\/\/www.rieussec.fr\/index.php?rest_route=\/wp\/v2\/types\/page"}],"author":[{"embeddable":true,"href":"https:\/\/www.rieussec.fr\/index.php?rest_route=\/wp\/v2\/users\/1"}],"replies":[{"embeddable":true,"href":"https:\/\/www.rieussec.fr\/index.php?rest_route=%2Fwp%2Fv2%2Fcomments&post=478"}],"version-history":[{"count":1,"href":"https:\/\/www.rieussec.fr\/index.php?rest_route=\/wp\/v2\/pages\/478\/revisions"}],"predecessor-version":[{"id":479,"href":"https:\/\/www.rieussec.fr\/index.php?rest_route=\/wp\/v2\/pages\/478\/revisions\/479"}],"up":[{"embeddable":true,"href":"https:\/\/www.rieussec.fr\/index.php?rest_route=\/wp\/v2\/pages\/476"}],"wp:attachment":[{"href":"https:\/\/www.rieussec.fr\/index.php?rest_route=%2Fwp%2Fv2%2Fmedia&parent=478"}],"curies":[{"name":"wp","href":"https:\/\/api.w.org\/{rel}","templated":true}]}}