{"id":403,"date":"2018-07-23T15:19:13","date_gmt":"2018-07-23T14:19:13","guid":{"rendered":"https:\/\/rieussec.fr\/?page_id=403"},"modified":"2020-10-24T17:40:15","modified_gmt":"2020-10-24T16:40:15","slug":"internet-haut-debit","status":"publish","type":"page","link":"https:\/\/www.rieussec.fr\/?page_id=403","title":{"rendered":"Internet haut d\u00e9bit"},"content":{"rendered":"<p>L&rsquo;armoire THD de mont\u00e9e en d\u00e9bit install\u00e9e \u00e0 Rieussec a \u00e9t\u00e9 mise en service par Orange le mardi 24 juillet 2018.<\/p>\n<p>Il est donc possible de souscrire des abonnements internet aupr\u00e8s des op\u00e9rateurs pr\u00e9sents sur ce site (voir tableau ci-dessous)<\/p>\n<table style=\"border-collapse: collapse; width: 100%;\" border=\"1\">\n<tbody>\n<tr>\n<td style=\"width: 33.3333%;\"><strong>Op\u00e9rateur<\/strong><\/td>\n<td style=\"width: 33.3333%;\"><strong>Lien<\/strong><\/td>\n<td style=\"width: 33.3333%;\"><strong>Commentaire<\/strong><\/td>\n<\/tr>\n<tr>\n<td style=\"width: 33.3333%;\"><a href=\"http:\/\/www.rieussec.fr\/wp-content\/uploads\/2018\/07\/bouygues.png\"><img loading=\"lazy\" decoding=\"async\" class=\"alignnone wp-image-404 size-full\" src=\"http:\/\/www.rieussec.fr\/wp-content\/uploads\/2018\/07\/bouygues.png\" alt=\"\" width=\"150\" height=\"100\" \/><\/a><\/td>\n<td style=\"width: 33.3333%;\"><a href=\"https:\/\/www.bouyguestelecom.fr\/offres-internet\/\" target=\"_blank\" rel=\"noopener noreferrer\">Lien<\/a><\/td>\n<td style=\"width: 33.3333%;\"><\/td>\n<\/tr>\n<tr>\n<td style=\"width: 33.3333%;\"><a href=\"http:\/\/www.rieussec.fr\/wp-content\/uploads\/2018\/07\/logo-free.png\"><img loading=\"lazy\" decoding=\"async\" class=\"alignnone wp-image-405 size-full\" src=\"http:\/\/www.rieussec.fr\/wp-content\/uploads\/2018\/07\/logo-free.png\" alt=\"\" width=\"150\" height=\"63\" \/><\/a><\/td>\n<td style=\"width: 33.3333%;\"><a href=\"http:\/\/www.free.fr\/freebox\/index.html\" target=\"_blank\" rel=\"noopener noreferrer\">Lien<\/a><\/td>\n<td style=\"width: 33.3333%;\"><\/td>\n<\/tr>\n<tr>\n<td style=\"width: 33.3333%;\"><a href=\"http:\/\/www.rieussec.fr\/wp-content\/uploads\/2018\/07\/logo-orange.png\"><img loading=\"lazy\" decoding=\"async\" class=\"alignnone wp-image-406 size-full\" src=\"http:\/\/www.rieussec.fr\/wp-content\/uploads\/2018\/07\/logo-orange.png\" alt=\"\" width=\"150\" height=\"150\" srcset=\"https:\/\/www.rieussec.fr\/wp-content\/uploads\/2018\/07\/logo-orange.png 150w, https:\/\/www.rieussec.fr\/wp-content\/uploads\/2018\/07\/logo-orange-144x144.png 144w\" sizes=\"auto, (max-width: 150px) 100vw, 150px\" \/><\/a><\/td>\n<td style=\"width: 33.3333%;\"><a href=\"https:\/\/boutique.orange.fr\/internet\/comparateur\" target=\"_blank\" rel=\"noopener noreferrer\">Lien<\/a><\/td>\n<td style=\"width: 33.3333%;\">Possibilit\u00e9 de s&rsquo;abonner aupr\u00e8s de <a href=\"https:\/\/www.sosh.fr\/\" target=\"_blank\" rel=\"noopener noreferrer\">Sosh<\/a> (coupl\u00e9 ligne mobile)<\/td>\n<\/tr>\n<tr>\n<td style=\"width: 33.3333%;\"><a href=\"http:\/\/www.rieussec.fr\/wp-content\/uploads\/2018\/08\/logo-sfr.jpg\"><img loading=\"lazy\" decoding=\"async\" class=\"alignnone wp-image-420 size-full\" src=\"http:\/\/www.rieussec.fr\/wp-content\/uploads\/2018\/08\/logo-sfr.jpg\" alt=\"\" width=\"150\" height=\"150\" srcset=\"https:\/\/www.rieussec.fr\/wp-content\/uploads\/2018\/08\/logo-sfr.jpg 150w, https:\/\/www.rieussec.fr\/wp-content\/uploads\/2018\/08\/logo-sfr-144x144.jpg 144w\" sizes=\"auto, (max-width: 150px) 100vw, 150px\" \/><\/a><\/td>\n<td style=\"width: 33.3333%;\"><a href=\"https:\/\/www.sfr.fr\/\" target=\"_blank\" rel=\"noopener noreferrer\">Lien<\/a><\/td>\n<td style=\"width: 33.3333%;\">Possibilit\u00e9 de s&rsquo;abonner aupr\u00e8s de <a href=\"https:\/\/www.red-by-sfr.fr\/\" target=\"_blank\" rel=\"noopener noreferrer\">RED<\/a><\/td>\n<\/tr>\n<\/tbody>\n<\/table>\n<p>Le d\u00e9bit estim\u00e9 attendu peut \u00eatre visualis\u00e9 sur cette <a href=\"https:\/\/www.rieussec.fr\/wp-content\/uploads\/2018\/07\/RIEUSSEC_THD_zones_debit.pdf\" target=\"_blank\" rel=\"noopener noreferrer\">carte<\/a>.<\/p>\n<p>D&rsquo;autre part, il est pr\u00e9vu que chaque abonn\u00e9 de Rieussec (village et hameaux) soit raccord\u00e9 \u00e0 la fibre au plus tard en 2022 : voir site d\u00e9di\u00e9 <a href=\"http:\/\/numerique.herault.fr\/\">ICI<\/a>.<\/p>\n","protected":false},"excerpt":{"rendered":"<p>L&rsquo;armoire THD de mont\u00e9e en d\u00e9bit install\u00e9e \u00e0 Rieussec a \u00e9t\u00e9 mise en service par Orange le mardi 24 juillet 2018. Il est donc possible de souscrire des abonnements internet aupr\u00e8s des op\u00e9rateurs pr\u00e9sents sur ce site (voir tableau ci-dessous) Op\u00e9rateur Lien Commentaire Lien Lien Lien Possibilit\u00e9 de s&rsquo;abonner aupr\u00e8s de Sosh (coupl\u00e9 ligne mobile) [&hellip;]<\/p>\n","protected":false},"author":1,"featured_media":0,"parent":0,"menu_order":0,"comment_status":"closed","ping_status":"closed","template":"","meta":{"footnotes":""},"class_list":["post-403","page","type-page","status-publish","hentry","post"],"_links":{"self":[{"href":"https:\/\/www.rieussec.fr\/index.php?rest_route=\/wp\/v2\/pages\/403","targetHints":{"allow":["GET"]}}],"collection":[{"href":"https:\/\/www.rieussec.fr\/index.php?rest_route=\/wp\/v2\/pages"}],"about":[{"href":"https:\/\/www.rieussec.fr\/index.php?rest_route=\/wp\/v2\/types\/page"}],"author":[{"embeddable":true,"href":"https:\/\/www.rieussec.fr\/index.php?rest_route=\/wp\/v2\/users\/1"}],"replies":[{"embeddable":true,"href":"https:\/\/www.rieussec.fr\/index.php?rest_route=%2Fwp%2Fv2%2Fcomments&post=403"}],"version-history":[{"count":5,"href":"https:\/\/www.rieussec.fr\/index.php?rest_route=\/wp\/v2\/pages\/403\/revisions"}],"predecessor-version":[{"id":626,"href":"https:\/\/www.rieussec.fr\/index.php?rest_route=\/wp\/v2\/pages\/403\/revisions\/626"}],"wp:attachment":[{"href":"https:\/\/www.rieussec.fr\/index.php?rest_route=%2Fwp%2Fv2%2Fmedia&parent=403"}],"curies":[{"name":"wp","href":"https:\/\/api.w.org\/{rel}","templated":true}]}}