{"id":4,"date":"2014-08-16T18:46:08","date_gmt":"2014-08-16T17:46:08","guid":{"rendered":"http:\/\/www.barreau.biz\/rieussec\/wordpress\/?page_id=4"},"modified":"2023-01-18T15:43:34","modified_gmt":"2023-01-18T14:43:34","slug":"coordonnees-mairie","status":"publish","type":"page","link":"https:\/\/www.rieussec.fr\/?page_id=4","title":{"rendered":"Coordonn\u00e9es mairie"},"content":{"rendered":"<h3>Adresse<\/h3>\n\n<p>Mairie de Rieussec &#8211;\u00a0 271 rue Antonin-Roussel &#8211; 34220 RIEUSSEC<\/p>\n<h3>\u00a0T\u00e9l\u00e9phone<\/h3>\n<p>04 67 97 01 96<\/p>\n<h3>T\u00e9l\u00e9copie<\/h3>\n<p>04 67 97 51 90<\/p>\n<h3>Courriel<\/h3>\n<p>mairie@rieussec.fr<\/p>\n","protected":false},"excerpt":{"rendered":"<p>Adresse Mairie de Rieussec &#8211;\u00a0 271 rue Antonin-Roussel &#8211; 34220 RIEUSSEC \u00a0T\u00e9l\u00e9phone 04 67 97 01 96 T\u00e9l\u00e9copie 04 67 97 51 90 Courriel mairie@rieussec.fr<\/p>\n","protected":false},"author":1,"featured_media":0,"parent":13,"menu_order":1,"comment_status":"closed","ping_status":"closed","template":"","meta":{"footnotes":""},"class_list":["post-4","page","type-page","status-publish","hentry","post"],"_links":{"self":[{"href":"https:\/\/www.rieussec.fr\/index.php?rest_route=\/wp\/v2\/pages\/4","targetHints":{"allow":["GET"]}}],"collection":[{"href":"https:\/\/www.rieussec.fr\/index.php?rest_route=\/wp\/v2\/pages"}],"about":[{"href":"https:\/\/www.rieussec.fr\/index.php?rest_route=\/wp\/v2\/types\/page"}],"author":[{"embeddable":true,"href":"https:\/\/www.rieussec.fr\/index.php?rest_route=\/wp\/v2\/users\/1"}],"replies":[{"embeddable":true,"href":"https:\/\/www.rieussec.fr\/index.php?rest_route=%2Fwp%2Fv2%2Fcomments&post=4"}],"version-history":[{"count":4,"href":"https:\/\/www.rieussec.fr\/index.php?rest_route=\/wp\/v2\/pages\/4\/revisions"}],"predecessor-version":[{"id":840,"href":"https:\/\/www.rieussec.fr\/index.php?rest_route=\/wp\/v2\/pages\/4\/revisions\/840"}],"up":[{"embeddable":true,"href":"https:\/\/www.rieussec.fr\/index.php?rest_route=\/wp\/v2\/pages\/13"}],"wp:attachment":[{"href":"https:\/\/www.rieussec.fr\/index.php?rest_route=%2Fwp%2Fv2%2Fmedia&parent=4"}],"curies":[{"name":"wp","href":"https:\/\/api.w.org\/{rel}","templated":true}]}}