{"id":21,"date":"2014-08-17T16:58:33","date_gmt":"2014-08-17T15:58:33","guid":{"rendered":"http:\/\/www.barreau.biz\/rieussec\/wordpress\/?page_id=21"},"modified":"2020-10-24T17:41:41","modified_gmt":"2020-10-24T16:41:41","slug":"etat-civil","status":"publish","type":"page","link":"https:\/\/www.rieussec.fr\/?page_id=21","title":{"rendered":"Etat civil"},"content":{"rendered":"<p>De nombreuses formalit\u00e9s peuvent se faire en Mairie.<\/p>\n<p><a href=\"http:\/\/www.rieussec.fr\/wp-content\/uploads\/2014\/08\/logo-1.png\"><img loading=\"lazy\" decoding=\"async\" class=\"alignnone wp-image-22 size-full\" src=\"http:\/\/www.rieussec.fr\/wp-content\/uploads\/2014\/08\/logo-1.png\" alt=\"\" width=\"340\" height=\"57\" srcset=\"https:\/\/www.rieussec.fr\/wp-content\/uploads\/2014\/08\/logo-1.png 340w, https:\/\/www.rieussec.fr\/wp-content\/uploads\/2014\/08\/logo-1-300x50.png 300w\" sizes=\"auto, (max-width: 340px) 100vw, 340px\" \/><\/a><\/p>\n<p>Retrouvez l&rsquo;essentiel des modalit\u00e9s li\u00e9es aux Papiers et \u00e0 la Citoyennet\u00e9 en cliquant <a href=\"http:\/\/vosdroits.service-public.fr\/particuliers\/N19810.xhtml\" target=\"_blank\" rel=\"noopener noreferrer\">ici<\/a>.<\/p>\n","protected":false},"excerpt":{"rendered":"<p>De nombreuses formalit\u00e9s peuvent se faire en Mairie. Retrouvez l&rsquo;essentiel des modalit\u00e9s li\u00e9es aux Papiers et \u00e0 la Citoyennet\u00e9 en cliquant ici.<\/p>\n","protected":false},"author":1,"featured_media":0,"parent":13,"menu_order":4,"comment_status":"closed","ping_status":"closed","template":"","meta":{"footnotes":""},"class_list":["post-21","page","type-page","status-publish","hentry","post"],"_links":{"self":[{"href":"https:\/\/www.rieussec.fr\/index.php?rest_route=\/wp\/v2\/pages\/21","targetHints":{"allow":["GET"]}}],"collection":[{"href":"https:\/\/www.rieussec.fr\/index.php?rest_route=\/wp\/v2\/pages"}],"about":[{"href":"https:\/\/www.rieussec.fr\/index.php?rest_route=\/wp\/v2\/types\/page"}],"author":[{"embeddable":true,"href":"https:\/\/www.rieussec.fr\/index.php?rest_route=\/wp\/v2\/users\/1"}],"replies":[{"embeddable":true,"href":"https:\/\/www.rieussec.fr\/index.php?rest_route=%2Fwp%2Fv2%2Fcomments&post=21"}],"version-history":[{"count":2,"href":"https:\/\/www.rieussec.fr\/index.php?rest_route=\/wp\/v2\/pages\/21\/revisions"}],"predecessor-version":[{"id":627,"href":"https:\/\/www.rieussec.fr\/index.php?rest_route=\/wp\/v2\/pages\/21\/revisions\/627"}],"up":[{"embeddable":true,"href":"https:\/\/www.rieussec.fr\/index.php?rest_route=\/wp\/v2\/pages\/13"}],"wp:attachment":[{"href":"https:\/\/www.rieussec.fr\/index.php?rest_route=%2Fwp%2Fv2%2Fmedia&parent=21"}],"curies":[{"name":"wp","href":"https:\/\/api.w.org\/{rel}","templated":true}]}}