{"id":18,"date":"2014-08-17T16:33:01","date_gmt":"2014-08-17T15:33:01","guid":{"rendered":"http:\/\/www.barreau.biz\/rieussec\/wordpress\/?page_id=18"},"modified":"2015-06-15T20:55:09","modified_gmt":"2015-06-15T19:55:09","slug":"18-2","status":"publish","type":"page","link":"https:\/\/www.rieussec.fr\/?page_id=18","title":{"rendered":"Les archives"},"content":{"rendered":"<h3 style=\"color: #000000;\">En mairie<\/h3>\n<p>Registres de l\u2019Etat Civil d\u00e8s 1796.<\/p>\n<h3 style=\"color: #000000;\">Au D\u00e9partement<\/h3>\n<h4 style=\"color: #000000;\">Archives ant\u00e9rieures \u00e0 1790 :<\/h4>\n<ul>\n<li>Cadastre ; Compoix 1704<\/li>\n<li>Budget de la commune pour l\u2019exercice de 1872<\/li>\n<li>Cultes, instruction publique, assistance publique : Registres paroissiaux de bapt\u00eames, mariages, s\u00e9pultures<\/li>\n<li>Paroisse de Notre-Dame mais document incommunicable : en tr\u00e8s mauvais \u00e9tat<\/li>\n<li>Extrait du registre de d\u00e9lib\u00e9ration de la commune concernant les r\u00e9parations au presbyt\u00e8re en 1786.<\/li>\n<\/ul>\n<h3>Archives en ligne<\/h3>\n<p>On peut d\u00e9sormais retrouver une majorit\u00e9 des archives sur le site du Conseil G\u00e9n\u00e9ral : Cliquer <a href=\"http:\/\/archives-pierresvives.herault.fr\/\" target=\"_blank\">ici<\/a><\/p>\n","protected":false},"excerpt":{"rendered":"<p>En mairie Registres de l\u2019Etat Civil d\u00e8s 1796. Au D\u00e9partement Archives ant\u00e9rieures \u00e0 1790 : Cadastre ; Compoix 1704 Budget de la commune pour l\u2019exercice de 1872 Cultes, instruction publique, assistance publique : Registres paroissiaux de bapt\u00eames, mariages, s\u00e9pultures Paroisse de Notre-Dame mais document incommunicable : en tr\u00e8s mauvais \u00e9tat Extrait du registre de d\u00e9lib\u00e9ration [&hellip;]<\/p>\n","protected":false},"author":1,"featured_media":0,"parent":13,"menu_order":3,"comment_status":"closed","ping_status":"closed","template":"","meta":{"footnotes":""},"class_list":["post-18","page","type-page","status-publish","hentry","post"],"_links":{"self":[{"href":"https:\/\/www.rieussec.fr\/index.php?rest_route=\/wp\/v2\/pages\/18","targetHints":{"allow":["GET"]}}],"collection":[{"href":"https:\/\/www.rieussec.fr\/index.php?rest_route=\/wp\/v2\/pages"}],"about":[{"href":"https:\/\/www.rieussec.fr\/index.php?rest_route=\/wp\/v2\/types\/page"}],"author":[{"embeddable":true,"href":"https:\/\/www.rieussec.fr\/index.php?rest_route=\/wp\/v2\/users\/1"}],"replies":[{"embeddable":true,"href":"https:\/\/www.rieussec.fr\/index.php?rest_route=%2Fwp%2Fv2%2Fcomments&post=18"}],"version-history":[{"count":2,"href":"https:\/\/www.rieussec.fr\/index.php?rest_route=\/wp\/v2\/pages\/18\/revisions"}],"predecessor-version":[{"id":20,"href":"https:\/\/www.rieussec.fr\/index.php?rest_route=\/wp\/v2\/pages\/18\/revisions\/20"}],"up":[{"embeddable":true,"href":"https:\/\/www.rieussec.fr\/index.php?rest_route=\/wp\/v2\/pages\/13"}],"wp:attachment":[{"href":"https:\/\/www.rieussec.fr\/index.php?rest_route=%2Fwp%2Fv2%2Fmedia&parent=18"}],"curies":[{"name":"wp","href":"https:\/\/api.w.org\/{rel}","templated":true}]}}