{"id":151,"date":"2014-09-17T20:55:58","date_gmt":"2014-09-17T19:55:58","guid":{"rendered":"http:\/\/www.barreau.biz\/rieussec\/wordpress\/?page_id=151"},"modified":"2020-10-24T17:45:37","modified_gmt":"2020-10-24T16:45:37","slug":"se-loger","status":"publish","type":"page","link":"https:\/\/www.rieussec.fr\/?page_id=151","title":{"rendered":"Se loger"},"content":{"rendered":"<p><strong>Des g\u00eetes sont disponibles \u00e0 Rieussec.<\/strong><a href=\"http:\/\/www.rieussec.fr\/wp-content\/uploads\/2014\/09\/logo2-pontcalmel.jpg\"><img loading=\"lazy\" decoding=\"async\" class=\"alignnone wp-image-152 size-full\" src=\"http:\/\/www.rieussec.fr\/wp-content\/uploads\/2014\/09\/logo2-pontcalmel.jpg\" alt=\"\" width=\"300\" height=\"200\" \/><\/a><\/p>\n<p>Visitez leur site :<\/p>\n<p>&nbsp;<\/p>\n<hr \/>\n<p>&nbsp;<\/p>\n<p><a href=\"http:\/\/www.rieussec.fr\/wp-content\/uploads\/2014\/09\/logo-pontcalmel.jpg\"><img loading=\"lazy\" decoding=\"async\" class=\"wp-image-155 size-full alignleft\" src=\"http:\/\/www.rieussec.fr\/wp-content\/uploads\/2014\/09\/logo-pontcalmel.jpg\" alt=\"\" width=\"300\" height=\"200\" \/><\/a><\/p>\n<p><strong>Hameau de Cousses<\/strong> (G\u00eete d\u2019une capacit\u00e9 de 12 personnes) : <a href=\"http:\/\/www.res-cousses.com\/\">site<\/a><\/p>\n<p>&nbsp;<\/p>\n<p>&nbsp;<\/p>\n<p>&nbsp;<\/p>\n<p>&nbsp;<\/p>\n<hr \/>\n<p><strong>Pont d<a href=\"http:\/\/www.rieussec.fr\/wp-content\/uploads\/2014\/09\/logo-cousses.jpg\"><img loading=\"lazy\" decoding=\"async\" class=\"wp-image-153 size-full alignright\" src=\"http:\/\/www.rieussec.fr\/wp-content\/uploads\/2014\/09\/logo-cousses.jpg\" alt=\"\" width=\"300\" height=\"200\" \/><\/a>e Calmel<\/strong> (Neuf g\u00eetes am\u00e9nag\u00e9s pour passer des vacances calmes et familiales) : <a href=\"https:\/\/pontdecalmel.com\/\">site<\/a><\/p>\n<p>&nbsp;<\/p>\n","protected":false},"excerpt":{"rendered":"<p>Des g\u00eetes sont disponibles \u00e0 Rieussec. Visitez leur site : &nbsp; &nbsp; Hameau de Cousses (G\u00eete d\u2019une capacit\u00e9 de 12 personnes) : site &nbsp; &nbsp; &nbsp; &nbsp; Pont de Calmel (Neuf g\u00eetes am\u00e9nag\u00e9s pour passer des vacances calmes et familiales) : site &nbsp;<\/p>\n","protected":false},"author":1,"featured_media":0,"parent":0,"menu_order":0,"comment_status":"closed","ping_status":"closed","template":"","meta":{"footnotes":""},"class_list":["post-151","page","type-page","status-publish","hentry","post"],"_links":{"self":[{"href":"https:\/\/www.rieussec.fr\/index.php?rest_route=\/wp\/v2\/pages\/151","targetHints":{"allow":["GET"]}}],"collection":[{"href":"https:\/\/www.rieussec.fr\/index.php?rest_route=\/wp\/v2\/pages"}],"about":[{"href":"https:\/\/www.rieussec.fr\/index.php?rest_route=\/wp\/v2\/types\/page"}],"author":[{"embeddable":true,"href":"https:\/\/www.rieussec.fr\/index.php?rest_route=\/wp\/v2\/users\/1"}],"replies":[{"embeddable":true,"href":"https:\/\/www.rieussec.fr\/index.php?rest_route=%2Fwp%2Fv2%2Fcomments&post=151"}],"version-history":[{"count":11,"href":"https:\/\/www.rieussec.fr\/index.php?rest_route=\/wp\/v2\/pages\/151\/revisions"}],"predecessor-version":[{"id":630,"href":"https:\/\/www.rieussec.fr\/index.php?rest_route=\/wp\/v2\/pages\/151\/revisions\/630"}],"wp:attachment":[{"href":"https:\/\/www.rieussec.fr\/index.php?rest_route=%2Fwp%2Fv2%2Fmedia&parent=151"}],"curies":[{"name":"wp","href":"https:\/\/api.w.org\/{rel}","templated":true}]}}