{"id":140,"date":"2014-09-07T10:42:28","date_gmt":"2014-09-07T09:42:28","guid":{"rendered":"http:\/\/www.barreau.biz\/rieussec\/wordpress\/?page_id=140"},"modified":"2020-10-24T16:30:15","modified_gmt":"2020-10-24T15:30:15","slug":"elections","status":"publish","type":"page","link":"https:\/\/www.rieussec.fr\/?page_id=140","title":{"rendered":"Elections"},"content":{"rendered":"<h1>Municipales 2020<\/h1>\n<p>Les r\u00e9sultats des \u00e9lections municipales du 15 mars 2020 sont les suivants :<\/p>\n<table>\n<tbody>\n<tr>\n<td>Inscrits :<\/td>\n<td>85<\/td>\n<\/tr>\n<tr>\n<td>Absentions :<\/td>\n<td>27<\/td>\n<\/tr>\n<tr>\n<td>Votants :<\/td>\n<td>58<\/td>\n<\/tr>\n<tr>\n<td>Blancs \/ nuls :<\/td>\n<td>0<\/td>\n<\/tr>\n<tr>\n<td>Exprim\u00e9s :<\/td>\n<td>58<\/td>\n<\/tr>\n<\/tbody>\n<\/table>\n<table>\n<tbody>\n<tr>\n<td><strong>Candidats<\/strong><\/td>\n<td><strong>Voix<\/strong><\/td>\n<\/tr>\n<tr>\n<td>M. BARREAU Jean-Guy<\/td>\n<td>56<\/td>\n<\/tr>\n<tr>\n<td>M. BOULET Bernard<\/td>\n<td>55<\/td>\n<\/tr>\n<tr>\n<td>Mme GUERRERO Jeannine<\/td>\n<td>54<\/td>\n<\/tr>\n<tr>\n<td>Mme MEYRUEIX Virginie<\/td>\n<td>54<\/td>\n<\/tr>\n<tr>\n<td>M. MOULY Alain<\/td>\n<td>57<\/td>\n<\/tr>\n<tr>\n<td>M. ROUSSEL Christian<\/td>\n<td>55<\/td>\n<\/tr>\n<tr>\n<td>Mme STEENBERGEN Aviva<\/td>\n<td>55<\/td>\n<\/tr>\n<\/tbody>\n<\/table>\n<hr \/>\n<h1>Municipales 2014<\/h1>\n<p>Les r\u00e9sultats des \u00e9lections municipales du 23 mars 2014 sont les suivants :<\/p>\n<table>\n<tbody>\n<tr>\n<td>Inscrits :<\/td>\n<td>84<\/td>\n<\/tr>\n<tr>\n<td>Absentions :<\/td>\n<td>20<\/td>\n<\/tr>\n<tr>\n<td>Votants :<\/td>\n<td>64<\/td>\n<\/tr>\n<tr>\n<td>Blancs \/ nuls :<\/td>\n<td>0<\/td>\n<\/tr>\n<tr>\n<td>Exprim\u00e9s :<\/td>\n<td>64<\/td>\n<\/tr>\n<\/tbody>\n<\/table>\n<table>\n<tbody>\n<tr>\n<td style=\"text-align: center;\"><strong>Candidats<\/strong><\/td>\n<td style=\"text-align: center;\"><strong>Voix<\/strong><\/td>\n<\/tr>\n<tr>\n<td>M. BARREAU Jean-Guy<\/td>\n<td>55<\/td>\n<\/tr>\n<tr>\n<td>M. BOULET Bernard<\/td>\n<td>56<\/td>\n<\/tr>\n<tr>\n<td>M. FRAISSE Francis<\/td>\n<td>56<\/td>\n<\/tr>\n<tr>\n<td>Mme GUERRERO Jeannine<\/td>\n<td>57<\/td>\n<\/tr>\n<tr>\n<td>M. MOULY Alain<\/td>\n<td>59<\/td>\n<\/tr>\n<tr>\n<td>M. ROUSSEL Christian<\/td>\n<td>58<\/td>\n<\/tr>\n<tr>\n<td>M. STEENBERGEN Cornelis<\/td>\n<td>54<\/td>\n<\/tr>\n<\/tbody>\n<\/table>\n<hr \/>\n<h1><a href=\"http:\/\/www.rieussec.fr\/wp-content\/uploads\/2020\/03\/Template-look_logo_standard.png\"><img loading=\"lazy\" decoding=\"async\" class=\"size-full wp-image-595 alignleft\" src=\"http:\/\/www.rieussec.fr\/wp-content\/uploads\/2020\/03\/Template-look_logo_standard.png\" alt=\"\" width=\"75\" height=\"97\" \/><\/a><\/h1>\n<p>On peut retrouver le r\u00e9sultats d&rsquo;autres \u00e9lections sur le site du Minist\u00e8re de l&rsquo;Int\u00e9rieur : <a href=\"https:\/\/www.interieur.gouv.fr\/Elections\/Les-resultats\">ici<\/a><\/p>\n","protected":false},"excerpt":{"rendered":"<p>Municipales 2020 Les r\u00e9sultats des \u00e9lections municipales du 15 mars 2020 sont les suivants : Inscrits : 85 Absentions : 27 Votants : 58 Blancs \/ nuls : 0 Exprim\u00e9s : 58 Candidats Voix M. BARREAU Jean-Guy 56 M. BOULET Bernard 55 Mme GUERRERO Jeannine 54 Mme MEYRUEIX Virginie 54 M. MOULY Alain 57 M. [&hellip;]<\/p>\n","protected":false},"author":1,"featured_media":0,"parent":11,"menu_order":2,"comment_status":"closed","ping_status":"closed","template":"","meta":{"footnotes":""},"class_list":["post-140","page","type-page","status-publish","hentry","post"],"_links":{"self":[{"href":"https:\/\/www.rieussec.fr\/index.php?rest_route=\/wp\/v2\/pages\/140","targetHints":{"allow":["GET"]}}],"collection":[{"href":"https:\/\/www.rieussec.fr\/index.php?rest_route=\/wp\/v2\/pages"}],"about":[{"href":"https:\/\/www.rieussec.fr\/index.php?rest_route=\/wp\/v2\/types\/page"}],"author":[{"embeddable":true,"href":"https:\/\/www.rieussec.fr\/index.php?rest_route=\/wp\/v2\/users\/1"}],"replies":[{"embeddable":true,"href":"https:\/\/www.rieussec.fr\/index.php?rest_route=%2Fwp%2Fv2%2Fcomments&post=140"}],"version-history":[{"count":8,"href":"https:\/\/www.rieussec.fr\/index.php?rest_route=\/wp\/v2\/pages\/140\/revisions"}],"predecessor-version":[{"id":606,"href":"https:\/\/www.rieussec.fr\/index.php?rest_route=\/wp\/v2\/pages\/140\/revisions\/606"}],"up":[{"embeddable":true,"href":"https:\/\/www.rieussec.fr\/index.php?rest_route=\/wp\/v2\/pages\/11"}],"wp:attachment":[{"href":"https:\/\/www.rieussec.fr\/index.php?rest_route=%2Fwp%2Fv2%2Fmedia&parent=140"}],"curies":[{"name":"wp","href":"https:\/\/api.w.org\/{rel}","templated":true}]}}