{"id":120,"date":"2014-09-04T18:41:01","date_gmt":"2014-09-04T17:41:01","guid":{"rendered":"http:\/\/www.barreau.biz\/rieussec\/wordpress\/?page_id=120"},"modified":"2020-10-24T18:00:00","modified_gmt":"2020-10-24T17:00:00","slug":"statue-de-marbre","status":"publish","type":"page","link":"https:\/\/www.rieussec.fr\/?page_id=120","title":{"rendered":"Statue de marbre"},"content":{"rendered":"<p><img loading=\"lazy\" decoding=\"async\" class=\"alignleft wp-image-133 size-full\" src=\"http:\/\/www.rieussec.fr\/wp-content\/uploads\/2014\/09\/statue-biennale.jpg\" alt=\"statue-biennale\" width=\"225\" height=\"300\" \/>Les quatre biennales qui ont eu lieu \u00e0 Saint Pons de Thomi\u00e8res, organis\u00e9es par la Communaut\u00e9 de Communes de l\u2019ann\u00e9e 2000 \u00e0 2006, ont rassembl\u00e9 18 sculpteurs qui ont travaill\u00e9 \u00e0 partir de th\u00e9matiques diff\u00e9rentes chaque ann\u00e9e. Ces sculptures, sont expos\u00e9es dans les villages de la Communaut\u00e9 de Communes.<\/p>\n<p>C\u2019est \u00e0 la session 2006 qu\u2019a \u00e9t\u00e9 r\u00e9alis\u00e9e la sculpture de Rieussec sur le th\u00e8me la la solidarit\u00e9.<\/p>\n<p><strong>Mansour El Mansi<\/strong>, sculpteur reconnu, qui enseigne l\u2019art dans une universit\u00e9 \u00e9gyptienne a r\u00e9alis\u00e9 la statue qu\u2019il a appel\u00e9e : Horus, Moon Bird.<\/p>\n<p><img loading=\"lazy\" decoding=\"async\" class=\"aligncenter wp-image-134 size-full\" src=\"http:\/\/www.rieussec.fr\/wp-content\/uploads\/2014\/09\/statue-vignette.jpg\" alt=\"statue-vignette\" width=\"300\" height=\"400\" srcset=\"https:\/\/www.rieussec.fr\/wp-content\/uploads\/2014\/09\/statue-vignette.jpg 300w, https:\/\/www.rieussec.fr\/wp-content\/uploads\/2014\/09\/statue-vignette-225x300.jpg 225w\" sizes=\"auto, (max-width: 300px) 100vw, 300px\" \/><\/p>\n<h3>HORUS<a href=\"http:\/\/www.rieussec.fr\/wp-content\/uploads\/2014\/09\/statue-horus.jpg\"><img loading=\"lazy\" decoding=\"async\" class=\"wp-image-135 size-full alignright\" src=\"http:\/\/www.rieussec.fr\/wp-content\/uploads\/2014\/09\/statue-horus.jpg\" alt=\"\" width=\"120\" height=\"318\" srcset=\"https:\/\/www.rieussec.fr\/wp-content\/uploads\/2014\/09\/statue-horus.jpg 120w, https:\/\/www.rieussec.fr\/wp-content\/uploads\/2014\/09\/statue-horus-113x300.jpg 113w\" sizes=\"auto, (max-width: 120px) 100vw, 120px\" \/><\/a><\/h3>\n<p>Horus est l\u2019appellation grecque d\u2019une des plus anciennes divinit\u00e9s \u00e9gyptiennes, le dieu faucon, dont le nom signifie probablement Celui qui est au-dessus ou Celui qui est lointain. C\u2019est le dieu de l\u2019azur, il voit \u00e0 travers le soleil et la lune.<\/p>\n<p>Horus \u00e9tait repr\u00e9sent\u00e9 par un faucon ou un homme \u00e0 t\u00eate de faucon coiff\u00e9 de la couronne de la basse et de la haute Egypte.<\/p>\n<p>Pour en savoir plus, cliquer : <a href=\"http:\/\/fr.wikipedia.org\/wiki\/Horus\">ici<\/a><\/p>\n<p>Mansour El Mansi propose une repr\u00e9sentation symbolique du Dieu Horus, il sculpte une \u00e9l\u00e9gante lune pos\u00e9e sur l\u2019oiseau.<\/p>\n<hr \/>\n<p>&nbsp;<\/p>\n<p>On trouve dans le portfolio ci-dessous la maquette de l\u2019\u0153uvre qui a \u00e9t\u00e9 pr\u00e9sent\u00e9e par l\u2019artiste \u00e0 la population de RIEUSSEC et quelques clich\u00e9s de l\u2019avanc\u00e9e du travail qui a dur\u00e9 deux semaines.<\/p>\n<p><em>Cette statue camp\u00e9e au centre de RIEUSSEC est n\u00e9e de l\u2019improbable rencontre entre un artiste renomm\u00e9 venu avec sa gentillesse et l\u2019histoire de son peuple, du marbre de Saint-Pons et de notre village. Quel prodige que ce Dieu venu d\u2019ailleurs pour symboliser \u00e0 RIEUSSEC la Solidarit\u00e9.<\/em><\/p>\n\n\t\t<style type=\"text\/css\">\n\t\t\t#gallery-1 {\n\t\t\t\tmargin: auto;\n\t\t\t}\n\t\t\t#gallery-1 .gallery-item {\n\t\t\t\tfloat: left;\n\t\t\t\tmargin-top: 10px;\n\t\t\t\ttext-align: center;\n\t\t\t\twidth: 33%;\n\t\t\t}\n\t\t\t#gallery-1 img {\n\t\t\t\tborder: 2px solid #cfcfcf;\n\t\t\t}\n\t\t\t#gallery-1 .gallery-caption {\n\t\t\t\tmargin-left: 0;\n\t\t\t}\n\t\t\t\/* see gallery_shortcode() in wp-includes\/media.php *\/\n\t\t<\/style>\n\t\t<div id='gallery-1' class='gallery galleryid-120 gallery-columns-3 gallery-size-thumbnail'><dl class='gallery-item'>\n\t\t\t<dt class='gallery-icon landscape'>\n\t\t\t\t<a href='https:\/\/www.rieussec.fr\/?attachment_id=121#main'><img loading=\"lazy\" decoding=\"async\" width=\"150\" height=\"150\" src=\"https:\/\/www.rieussec.fr\/wp-content\/uploads\/2014\/09\/statue-m1-150x150.jpg\" class=\"attachment-thumbnail size-thumbnail\" alt=\"\" srcset=\"https:\/\/www.rieussec.fr\/wp-content\/uploads\/2014\/09\/statue-m1-150x150.jpg 150w, https:\/\/www.rieussec.fr\/wp-content\/uploads\/2014\/09\/statue-m1-144x144.jpg 144w\" sizes=\"auto, (max-width: 150px) 100vw, 150px\" \/><\/a>\n\t\t\t<\/dt><\/dl><dl class='gallery-item'>\n\t\t\t<dt class='gallery-icon landscape'>\n\t\t\t\t<a href='https:\/\/www.rieussec.fr\/?attachment_id=122#main'><img loading=\"lazy\" decoding=\"async\" width=\"150\" height=\"150\" src=\"https:\/\/www.rieussec.fr\/wp-content\/uploads\/2014\/09\/statue-m2-150x150.jpg\" class=\"attachment-thumbnail size-thumbnail\" alt=\"\" srcset=\"https:\/\/www.rieussec.fr\/wp-content\/uploads\/2014\/09\/statue-m2-150x150.jpg 150w, https:\/\/www.rieussec.fr\/wp-content\/uploads\/2014\/09\/statue-m2-144x144.jpg 144w\" sizes=\"auto, (max-width: 150px) 100vw, 150px\" \/><\/a>\n\t\t\t<\/dt><\/dl><dl class='gallery-item'>\n\t\t\t<dt class='gallery-icon portrait'>\n\t\t\t\t<a href='https:\/\/www.rieussec.fr\/?attachment_id=123#main'><img loading=\"lazy\" decoding=\"async\" width=\"150\" height=\"150\" src=\"https:\/\/www.rieussec.fr\/wp-content\/uploads\/2014\/09\/statue-m3-150x150.jpg\" class=\"attachment-thumbnail size-thumbnail\" alt=\"\" srcset=\"https:\/\/www.rieussec.fr\/wp-content\/uploads\/2014\/09\/statue-m3-150x150.jpg 150w, https:\/\/www.rieussec.fr\/wp-content\/uploads\/2014\/09\/statue-m3-144x144.jpg 144w\" sizes=\"auto, (max-width: 150px) 100vw, 150px\" \/><\/a>\n\t\t\t<\/dt><\/dl><br style=\"clear: both\" \/><dl class='gallery-item'>\n\t\t\t<dt class='gallery-icon landscape'>\n\t\t\t\t<a href='https:\/\/www.rieussec.fr\/?attachment_id=124#main'><img loading=\"lazy\" decoding=\"async\" width=\"150\" height=\"150\" src=\"https:\/\/www.rieussec.fr\/wp-content\/uploads\/2014\/09\/statue-m4-150x150.jpg\" class=\"attachment-thumbnail size-thumbnail\" alt=\"\" srcset=\"https:\/\/www.rieussec.fr\/wp-content\/uploads\/2014\/09\/statue-m4-150x150.jpg 150w, https:\/\/www.rieussec.fr\/wp-content\/uploads\/2014\/09\/statue-m4-144x144.jpg 144w\" sizes=\"auto, (max-width: 150px) 100vw, 150px\" \/><\/a>\n\t\t\t<\/dt><\/dl><dl class='gallery-item'>\n\t\t\t<dt class='gallery-icon landscape'>\n\t\t\t\t<a href='https:\/\/www.rieussec.fr\/?attachment_id=125#main'><img loading=\"lazy\" decoding=\"async\" width=\"150\" height=\"150\" src=\"https:\/\/www.rieussec.fr\/wp-content\/uploads\/2014\/09\/statue-m5-150x150.jpg\" class=\"attachment-thumbnail size-thumbnail\" alt=\"\" srcset=\"https:\/\/www.rieussec.fr\/wp-content\/uploads\/2014\/09\/statue-m5-150x150.jpg 150w, https:\/\/www.rieussec.fr\/wp-content\/uploads\/2014\/09\/statue-m5-144x144.jpg 144w\" sizes=\"auto, (max-width: 150px) 100vw, 150px\" \/><\/a>\n\t\t\t<\/dt><\/dl><dl class='gallery-item'>\n\t\t\t<dt class='gallery-icon portrait'>\n\t\t\t\t<a href='https:\/\/www.rieussec.fr\/?attachment_id=126#main'><img loading=\"lazy\" decoding=\"async\" width=\"150\" height=\"150\" src=\"https:\/\/www.rieussec.fr\/wp-content\/uploads\/2014\/09\/statue-m6-150x150.jpg\" class=\"attachment-thumbnail size-thumbnail\" alt=\"\" srcset=\"https:\/\/www.rieussec.fr\/wp-content\/uploads\/2014\/09\/statue-m6-150x150.jpg 150w, https:\/\/www.rieussec.fr\/wp-content\/uploads\/2014\/09\/statue-m6-144x144.jpg 144w\" sizes=\"auto, (max-width: 150px) 100vw, 150px\" \/><\/a>\n\t\t\t<\/dt><\/dl><br style=\"clear: both\" \/><dl class='gallery-item'>\n\t\t\t<dt class='gallery-icon landscape'>\n\t\t\t\t<a href='https:\/\/www.rieussec.fr\/?attachment_id=127#main'><img loading=\"lazy\" decoding=\"async\" width=\"150\" height=\"150\" src=\"https:\/\/www.rieussec.fr\/wp-content\/uploads\/2014\/09\/statue-m7-150x150.jpg\" class=\"attachment-thumbnail size-thumbnail\" alt=\"\" srcset=\"https:\/\/www.rieussec.fr\/wp-content\/uploads\/2014\/09\/statue-m7-150x150.jpg 150w, https:\/\/www.rieussec.fr\/wp-content\/uploads\/2014\/09\/statue-m7-144x144.jpg 144w\" sizes=\"auto, (max-width: 150px) 100vw, 150px\" \/><\/a>\n\t\t\t<\/dt><\/dl><dl class='gallery-item'>\n\t\t\t<dt class='gallery-icon landscape'>\n\t\t\t\t<a href='https:\/\/www.rieussec.fr\/?attachment_id=128#main'><img loading=\"lazy\" decoding=\"async\" width=\"150\" height=\"150\" src=\"https:\/\/www.rieussec.fr\/wp-content\/uploads\/2014\/09\/statue-m8-150x150.jpg\" class=\"attachment-thumbnail size-thumbnail\" alt=\"\" srcset=\"https:\/\/www.rieussec.fr\/wp-content\/uploads\/2014\/09\/statue-m8-150x150.jpg 150w, https:\/\/www.rieussec.fr\/wp-content\/uploads\/2014\/09\/statue-m8-144x144.jpg 144w\" sizes=\"auto, (max-width: 150px) 100vw, 150px\" \/><\/a>\n\t\t\t<\/dt><\/dl><dl class='gallery-item'>\n\t\t\t<dt class='gallery-icon landscape'>\n\t\t\t\t<a href='https:\/\/www.rieussec.fr\/?attachment_id=129#main'><img loading=\"lazy\" decoding=\"async\" width=\"150\" height=\"150\" src=\"https:\/\/www.rieussec.fr\/wp-content\/uploads\/2014\/09\/statue-m9-1-150x150.jpg\" class=\"attachment-thumbnail size-thumbnail\" alt=\"\" srcset=\"https:\/\/www.rieussec.fr\/wp-content\/uploads\/2014\/09\/statue-m9-1-150x150.jpg 150w, https:\/\/www.rieussec.fr\/wp-content\/uploads\/2014\/09\/statue-m9-1-144x144.jpg 144w\" sizes=\"auto, (max-width: 150px) 100vw, 150px\" \/><\/a>\n\t\t\t<\/dt><\/dl><br style=\"clear: both\" \/><dl class='gallery-item'>\n\t\t\t<dt class='gallery-icon landscape'>\n\t\t\t\t<a href='https:\/\/www.rieussec.fr\/?attachment_id=131#main'><img loading=\"lazy\" decoding=\"async\" width=\"150\" height=\"150\" src=\"https:\/\/www.rieussec.fr\/wp-content\/uploads\/2014\/09\/statue-m9-3-150x150.jpg\" class=\"attachment-thumbnail size-thumbnail\" alt=\"\" srcset=\"https:\/\/www.rieussec.fr\/wp-content\/uploads\/2014\/09\/statue-m9-3-150x150.jpg 150w, https:\/\/www.rieussec.fr\/wp-content\/uploads\/2014\/09\/statue-m9-3-144x144.jpg 144w\" sizes=\"auto, (max-width: 150px) 100vw, 150px\" \/><\/a>\n\t\t\t<\/dt><\/dl><dl class='gallery-item'>\n\t\t\t<dt class='gallery-icon landscape'>\n\t\t\t\t<a href='https:\/\/www.rieussec.fr\/?attachment_id=132#main'><img loading=\"lazy\" decoding=\"async\" width=\"150\" height=\"150\" src=\"https:\/\/www.rieussec.fr\/wp-content\/uploads\/2014\/09\/statue-m9-12-150x150.jpg\" class=\"attachment-thumbnail size-thumbnail\" alt=\"\" srcset=\"https:\/\/www.rieussec.fr\/wp-content\/uploads\/2014\/09\/statue-m9-12-150x150.jpg 150w, https:\/\/www.rieussec.fr\/wp-content\/uploads\/2014\/09\/statue-m9-12-144x144.jpg 144w\" sizes=\"auto, (max-width: 150px) 100vw, 150px\" \/><\/a>\n\t\t\t<\/dt><\/dl><dl class='gallery-item'>\n\t\t\t<dt class='gallery-icon portrait'>\n\t\t\t\t<a href='https:\/\/www.rieussec.fr\/?attachment_id=130#main'><img loading=\"lazy\" decoding=\"async\" width=\"150\" height=\"150\" src=\"https:\/\/www.rieussec.fr\/wp-content\/uploads\/2014\/09\/statue-m9-2-150x150.jpg\" class=\"attachment-thumbnail size-thumbnail\" alt=\"\" srcset=\"https:\/\/www.rieussec.fr\/wp-content\/uploads\/2014\/09\/statue-m9-2-150x150.jpg 150w, https:\/\/www.rieussec.fr\/wp-content\/uploads\/2014\/09\/statue-m9-2-144x144.jpg 144w\" sizes=\"auto, (max-width: 150px) 100vw, 150px\" \/><\/a>\n\t\t\t<\/dt><\/dl><br style=\"clear: both\" \/>\n\t\t<\/div>\n\n<p>&nbsp;<\/p>\n","protected":false},"excerpt":{"rendered":"<p>Les quatre biennales qui ont eu lieu \u00e0 Saint Pons de Thomi\u00e8res, organis\u00e9es par la Communaut\u00e9 de Communes de l\u2019ann\u00e9e 2000 \u00e0 2006, ont rassembl\u00e9 18 sculpteurs qui ont travaill\u00e9 \u00e0 partir de th\u00e9matiques diff\u00e9rentes chaque ann\u00e9e. Ces sculptures, sont expos\u00e9es dans les villages de la Communaut\u00e9 de Communes. C\u2019est \u00e0 la session 2006 qu\u2019a [&hellip;]<\/p>\n","protected":false},"author":1,"featured_media":0,"parent":0,"menu_order":0,"comment_status":"closed","ping_status":"closed","template":"","meta":{"footnotes":""},"class_list":["post-120","page","type-page","status-publish","hentry","post"],"_links":{"self":[{"href":"https:\/\/www.rieussec.fr\/index.php?rest_route=\/wp\/v2\/pages\/120","targetHints":{"allow":["GET"]}}],"collection":[{"href":"https:\/\/www.rieussec.fr\/index.php?rest_route=\/wp\/v2\/pages"}],"about":[{"href":"https:\/\/www.rieussec.fr\/index.php?rest_route=\/wp\/v2\/types\/page"}],"author":[{"embeddable":true,"href":"https:\/\/www.rieussec.fr\/index.php?rest_route=\/wp\/v2\/users\/1"}],"replies":[{"embeddable":true,"href":"https:\/\/www.rieussec.fr\/index.php?rest_route=%2Fwp%2Fv2%2Fcomments&post=120"}],"version-history":[{"count":3,"href":"https:\/\/www.rieussec.fr\/index.php?rest_route=\/wp\/v2\/pages\/120\/revisions"}],"predecessor-version":[{"id":637,"href":"https:\/\/www.rieussec.fr\/index.php?rest_route=\/wp\/v2\/pages\/120\/revisions\/637"}],"wp:attachment":[{"href":"https:\/\/www.rieussec.fr\/index.php?rest_route=%2Fwp%2Fv2%2Fmedia&parent=120"}],"curies":[{"name":"wp","href":"https:\/\/api.w.org\/{rel}","templated":true}]}}