{"id":110,"date":"2014-08-28T20:50:03","date_gmt":"2014-08-28T19:50:03","guid":{"rendered":"http:\/\/www.barreau.biz\/rieussec\/wordpress\/?page_id=110"},"modified":"2020-10-25T08:49:45","modified_gmt":"2020-10-25T07:49:45","slug":"mentions-legales","status":"publish","type":"page","link":"https:\/\/www.rieussec.fr\/?page_id=110","title":{"rendered":"Mentions l\u00e9gales"},"content":{"rendered":"<p><a href=\"http:\/\/www.rieussec.fr\/wp-content\/uploads\/2014\/08\/logo_CNIL.png\"><img loading=\"lazy\" decoding=\"async\" class=\"wp-image-115 size-full alignright\" src=\"http:\/\/www.rieussec.fr\/wp-content\/uploads\/2014\/08\/logo_CNIL.png\" alt=\"\" width=\"250\" height=\"44\" \/><\/a><\/p>\n<p>Vous venez d\u2019acc\u00e9der au site Internet officiel de la mairie de Rieussec &#8211; 34220 Saint Pons.<\/p>\n<p>L\u2019objet de ce site est de pr\u00e9senter la commune aux \u00e9ventuels visiteurs et d\u2019informer les habitants de la commune.<\/p>\n<ul>\n<li>Directeur de la publication : Alain Mouly<\/li>\n<li>R\u00e9dacteur en chef : Alain Mouly<\/li>\n<li>Pour toute remarque sur le contenu \u00e9ditorial, s\u2019adresser \u00e0 Alain Mouly : <a href=\"mailto:mairie@rieussec.fr\">courriel<\/a><\/li>\n<li>Pour toute remarque sur le fonctionnement du site, s\u2019adresser au Webmestre : Jean-Guy Barreau : <a href=\"mailto:jean-guy.barreau@laposte.net\">courriel<\/a><\/li>\n<\/ul>\n<h3>Protection des donn\u00e9es personnelles<\/h3>\n<ul>\n<li>Aucune information personnelle n\u2019est collect\u00e9e \u00e0 votre insu.<\/li>\n<li>Aucune information personnelle n\u2019est c\u00e9d\u00e9e \u00e0 des tiers.<\/li>\n<li>Aucune information personnelle n\u2019est utilis\u00e9e \u00e0 des fins non pr\u00e9vues.<\/li>\n<\/ul>\n<h3>Droits d\u2019auteur &#8211; Copyright<\/h3>\n<p>L\u2019ensemble de ce site rel\u00e8ve de la l\u00e9gislation fran\u00e7aise et internationale sur le droit d\u2019auteur et la propri\u00e9t\u00e9 intellectuelle. Tous les droits de reproduction sont r\u00e9serv\u00e9s, y compris les documents t\u00e9l\u00e9chargeables et les repr\u00e9sentations iconographiques et photographiques. La reproduction de tout ou partie de ce site sur un support \u00e9lectronique, quel qu\u2019il soit, est formellement interdite, sauf autorisation expresse du directeur de la publication. La reproduction des textes de ce site sur un support papier est possible pour une utilisation personnelle ou \u00e0 titre p\u00e9dagogique sous certaines conditions :<\/p>\n<ul>\n<li>gratuit\u00e9 de la diffusion ;<\/li>\n<li>respect de l\u2019int\u00e9grit\u00e9 des documents reproduits : pas de modification ni d\u2019alt\u00e9ration d\u2019aucune sorte ;<\/li>\n<li>citation claire et visible de la source d\u2019information sous la forme suivante, par exemple : \u00ab\u00a0Ce document provient du site Internet de la mairie de Rieussec &#8211; 34220 Saint Pons\u00a0\u00bb : <a href=\"http:\/\/www.rieussec.fr\">http:\/\/www.rieussec.fr<\/a> L\u2019adresse Internet doit imp\u00e9rativement figurer dans la r\u00e9f\u00e9rence. Pour d\u2019autres utilisations, veuillez nous consulter.<\/li>\n<\/ul>\n<h3>Liens \u00e0 d\u2019autres sites Internet<\/h3>\n<p>Les liens vers d\u2019autres sites Internet pr\u00e9sents sur ce site sont fournis exclusivement pour vous fournir une information la plus compl\u00e8te. Si vous utilisez ces liens, vous quitterez le site <a href=\"http:\/\/www.rieussec.fr\">http:\/\/www.rieussec.fr<\/a>. La mairie a v\u00e9rifi\u00e9 la page point\u00e9e par le lien actif mais elle ne contr\u00f4le ni n\u2019est responsable de ces sites ou de leur contenu.<\/p>\n<p>Ce site Internet est r\u00e9gi par le droit fran\u00e7ais.<\/p>\n<h3>Cr\u00e9dits Photos<\/h3>\n<ul>\n<li>Guy Perrin<\/li>\n<li>Jean-Guy Barreau<\/li>\n<\/ul>\n","protected":false},"excerpt":{"rendered":"<p>Vous venez d\u2019acc\u00e9der au site Internet officiel de la mairie de Rieussec &#8211; 34220 Saint Pons. L\u2019objet de ce site est de pr\u00e9senter la commune aux \u00e9ventuels visiteurs et d\u2019informer les habitants de la commune. Directeur de la publication : Alain Mouly R\u00e9dacteur en chef : Alain Mouly Pour toute remarque sur le contenu \u00e9ditorial, [&hellip;]<\/p>\n","protected":false},"author":1,"featured_media":0,"parent":0,"menu_order":0,"comment_status":"closed","ping_status":"closed","template":"","meta":{"footnotes":""},"class_list":["post-110","page","type-page","status-publish","hentry","post"],"_links":{"self":[{"href":"https:\/\/www.rieussec.fr\/index.php?rest_route=\/wp\/v2\/pages\/110","targetHints":{"allow":["GET"]}}],"collection":[{"href":"https:\/\/www.rieussec.fr\/index.php?rest_route=\/wp\/v2\/pages"}],"about":[{"href":"https:\/\/www.rieussec.fr\/index.php?rest_route=\/wp\/v2\/types\/page"}],"author":[{"embeddable":true,"href":"https:\/\/www.rieussec.fr\/index.php?rest_route=\/wp\/v2\/users\/1"}],"replies":[{"embeddable":true,"href":"https:\/\/www.rieussec.fr\/index.php?rest_route=%2Fwp%2Fv2%2Fcomments&post=110"}],"version-history":[{"count":5,"href":"https:\/\/www.rieussec.fr\/index.php?rest_route=\/wp\/v2\/pages\/110\/revisions"}],"predecessor-version":[{"id":644,"href":"https:\/\/www.rieussec.fr\/index.php?rest_route=\/wp\/v2\/pages\/110\/revisions\/644"}],"wp:attachment":[{"href":"https:\/\/www.rieussec.fr\/index.php?rest_route=%2Fwp%2Fv2%2Fmedia&parent=110"}],"curies":[{"name":"wp","href":"https:\/\/api.w.org\/{rel}","templated":true}]}}